{"id":18,"date":"2020-11-07T20:37:15","date_gmt":"2020-11-07T19:37:15","guid":{"rendered":"https:\/\/www.fauna-kosmetik.at\/wpfauna\/?page_id=18"},"modified":"2021-11-09T12:19:15","modified_gmt":"2021-11-09T11:19:15","slug":"info","status":"publish","type":"page","link":"https:\/\/www.fauna-kosmetik.at\/wpfauna\/info\/","title":{"rendered":"INFORMATIONEN ZU FAUNA &#038; FLORA"},"content":{"rendered":"<h1>INFORMATIONEN ZU FAUNA &amp; FLORA<\/h1>\n<p><span style=\"color: black; font-family: Verdana; font-size: medium;\"><b>WO BEFINDET SICH DIE FAUNA &amp; FLORA?<\/b><\/span><\/p>\n<p>&nbsp;<\/p>\n<p><span style=\"color: black; font-family: Verdana; font-size: medium;\">Die Fauna &amp; Flora ist ein kleines Gesch\u00e4ft, dass dem Verein Internationaler Bund der Tierversuchsgegner (www.tierversuchsgegner.at) angeschlossen ist.<\/span><\/p>\n<p>&nbsp;<\/p>\n<p><span style=\"color: black; font-family: Verdana; font-size: medium;\">Adresse:<\/span><\/p>\n<p>&nbsp;<\/p>\n<p><span style=\"color: black; font-family: Verdana; font-size: medium;\">Radetzkystr. 21<br \/>\nA-1030 Wien<br \/>\nTel: 01\/ 713 08 23 &#8211; 15<br \/>\nFax: 01\/ 713 08 23 &#8211; 10<br \/>\nEmail: fauna@tierversuchsgegner.at<br \/>\nHomepage: www.fauna-kosmetik.at<br \/>\n\u00d6ffnungszeiten: Montag &#8211; Freitag 10:00-18:00<\/span><\/p>\n<h3>AKTUELL GE\u00c4NDERTE \u00d6FFNUNGSZEITEN:<\/h3>\n<h4>Montag bis Freitag von 14:00 bis 18:00 Uhr &#8211; wir bitten um Ihr Verst\u00e4ndnis!<\/h4>\n<p><span style=\"color: black; font-family: Verdana; font-size: medium;\">Sie erreichen uns mit den Stra\u00dfenbahnlinien 0 oder N oder 1 &#8211; Haltestelle Radetzkyplatz.<\/span><\/p>\n<p>&nbsp;<\/p>\n<p><img loading=\"lazy\" decoding=\"async\" class=\"alignnone size-full wp-image-75\" src=\"https:\/\/www.fauna-kosmetik.at\/wpfauna\/wp-content\/uploads\/2020\/11\/laden_ansicht.jpg\" alt=\"\" width=\"864\" height=\"315\" border=\"2\" srcset=\"https:\/\/www.fauna-kosmetik.at\/wpfauna\/wp-content\/uploads\/2020\/11\/laden_ansicht.jpg 864w, https:\/\/www.fauna-kosmetik.at\/wpfauna\/wp-content\/uploads\/2020\/11\/laden_ansicht-600x219.jpg 600w, https:\/\/www.fauna-kosmetik.at\/wpfauna\/wp-content\/uploads\/2020\/11\/laden_ansicht-300x109.jpg 300w, https:\/\/www.fauna-kosmetik.at\/wpfauna\/wp-content\/uploads\/2020\/11\/laden_ansicht-768x280.jpg 768w\" sizes=\"(max-width: 864px) 100vw, 864px\" \/><\/p>\n<p>&nbsp;<\/p>\n<p><img decoding=\"async\" class=\"alignnone size-full wp-image-84\" src=\"https:\/\/www.fauna-kosmetik.at\/wpfauna\/wp-content\/uploads\/2020\/11\/plan.jpg\" alt=\"\" width=\"864\" border=\"2\" srcset=\"https:\/\/www.fauna-kosmetik.at\/wpfauna\/wp-content\/uploads\/2020\/11\/plan.jpg 800w, https:\/\/www.fauna-kosmetik.at\/wpfauna\/wp-content\/uploads\/2020\/11\/plan-600x450.jpg 600w, https:\/\/www.fauna-kosmetik.at\/wpfauna\/wp-content\/uploads\/2020\/11\/plan-300x225.jpg 300w, https:\/\/www.fauna-kosmetik.at\/wpfauna\/wp-content\/uploads\/2020\/11\/plan-768x576.jpg 768w\" sizes=\"(max-width: 800px) 100vw, 800px\" \/><\/p>\n<p>&nbsp;<\/p>\n<p><span style=\"color: black; font-family: Verdana; font-size: medium;\"><b>WAS GIBT ES IN DER FAUNA &amp; FLORA?<\/b><\/span><\/p>\n<p>&nbsp;<\/p>\n<p><span style=\"color: black; font-family: Verdana; font-size: medium;\">In der Fauna sind alle Produkte f\u00fcr den t\u00e4glichen Gebrauch erh\u00e4ltlich. Unser Sortiment umfa\u00dft K\u00f6rperpflegeprodukte ( Seifen, Shampoos, Rasiercremen, Duschgel, Zahnpasta, Massage\u00f6le, etc..), Parfums, R\u00e4ucherst\u00e4bchen, \u00c4therische \u00d6le, Wasch und Reinigungsmittel und Make up.<\/span><\/p>\n<p><span style=\"color: black; font-family: Verdana; font-size: medium;\"><br \/>\nWeiters f\u00fchren wir auch verschiedenste Artikel f\u00fcr den Heimtierbedarf. In unserem Gesch\u00e4ft betreiben wir auch einen Dauerflohmarkt &#8230; ab und zu st\u00f6bern lohnt sich!<br \/>\n<\/span><\/p>\n<p>&nbsp;<\/p>\n<p><span style=\"color: black; font-family: Verdana; font-size: medium;\"><b>UNSERE GRUNDS\u00c4TZE<\/b><\/span><\/p>\n<p>&nbsp;<\/p>\n<p><span style=\"color: black; font-family: Verdana; font-size: medium;\">Alle Produkte die in der Fauna verkauft und \u00fcber den Fauna-Versand vertrieben werden, sind tierversuchsfrei nach den strengen Richtlinen des deutschen Tierschutzbundes e. V., d.h. dass seitens des Herstellers- weder f\u00fcr die Inhaltsstoffe noch f\u00fcr das Endprodukt sp\u00e4testens seit dem 31.12.1979 keine Tierversuche mehr durchgef\u00fchrt oder in Auftrag gegeben wurden (www.tierschutzbund.de\/service).<\/span><\/p>\n<p>&nbsp;<\/p>\n<p><span style=\"color: black; font-family: Verdana; font-size: medium;\">Unsere Preise sind sehr knapp kalkuliert, aber duch die Verwendung hochwertiger pflanzlicher Rohstoffe kommt es teilweise zu h\u00f6heren Preisen als bei konventioneller Massenware.<\/span><\/p>\n<p>&nbsp;<\/p>\n<p><span style=\"color: black; font-family: Verdana; font-size: medium;\">Alle Produkte in der Fauna sind vegetarisch, d.h. wir f\u00fchren keine Produkte, dessen Inhaltsstoffe vom toten Tier gewonnen wurden. Der gro\u00dfteil unserer Produkte sind vegan (keine tierischen Inhaltsstoffe) und auch als solche gekennzeichnet.<\/span><\/p>\n<p>&nbsp;<\/p>\n<p><span style=\"color: black; font-family: Verdana; font-size: medium;\">Nachdem die FAUNA &amp; FLORA dem Internationalen Bund der Tierversuchsgegner (IBT) angeschlossen ist, kommt der Gewinn ausschlie\u00dflich der Tierschutzarbeit zugute!<\/span><\/p>\n<p>&nbsp;<\/p>\n","protected":false},"excerpt":{"rendered":"<p>INFORMATIONEN ZU FAUNA &amp; FLORA WO BEFINDET SICH DIE FAUNA &amp; FLORA? &nbsp; Die Fauna &amp; Flora ist ein kleines Gesch\u00e4ft, dass dem Verein Internationaler Bund der Tierversuchsgegner (www.tierversuchsgegner.at) angeschlossen ist. &nbsp; Adresse: &nbsp; Radetzkystr. 21 A-1030 Wien Tel: 01\/ 713 08 23 &#8211; 15 Fax: 01\/ 713 08 23 &#8211; 10 Email: fauna@tierversuchsgegner.at Homepage: [&hellip;]<\/p>\n","protected":false},"author":1,"featured_media":0,"parent":0,"menu_order":0,"comment_status":"closed","ping_status":"closed","template":"","meta":{"footnotes":""},"_links":{"self":[{"href":"https:\/\/www.fauna-kosmetik.at\/wpfauna\/wp-json\/wp\/v2\/pages\/18"}],"collection":[{"href":"https:\/\/www.fauna-kosmetik.at\/wpfauna\/wp-json\/wp\/v2\/pages"}],"about":[{"href":"https:\/\/www.fauna-kosmetik.at\/wpfauna\/wp-json\/wp\/v2\/types\/page"}],"author":[{"embeddable":true,"href":"https:\/\/www.fauna-kosmetik.at\/wpfauna\/wp-json\/wp\/v2\/users\/1"}],"replies":[{"embeddable":true,"href":"https:\/\/www.fauna-kosmetik.at\/wpfauna\/wp-json\/wp\/v2\/comments?post=18"}],"version-history":[{"count":15,"href":"https:\/\/www.fauna-kosmetik.at\/wpfauna\/wp-json\/wp\/v2\/pages\/18\/revisions"}],"predecessor-version":[{"id":1284,"href":"https:\/\/www.fauna-kosmetik.at\/wpfauna\/wp-json\/wp\/v2\/pages\/18\/revisions\/1284"}],"wp:attachment":[{"href":"https:\/\/www.fauna-kosmetik.at\/wpfauna\/wp-json\/wp\/v2\/media?parent=18"}],"curies":[{"name":"wp","href":"https:\/\/api.w.org\/{rel}","templated":true}]}}